{"id":2663,"date":"2026-02-13T13:34:19","date_gmt":"2026-02-13T13:34:19","guid":{"rendered":"https:\/\/meandmini.me\/?post_type=product&#038;p=2663"},"modified":"2026-03-11T20:20:49","modified_gmt":"2026-03-11T20:20:49","slug":"me-mini-me-gallery-custom-portraits","status":"publish","type":"product","link":"https:\/\/meandmini.me\/fr\/product\/me-mini-me-gallery-custom-portraits\/","title":{"rendered":"Me&Mini-Me\u00a9 - Galerie Portraits"},"content":{"rendered":"<h4 style=\"text-align : center ;\"><strong>Des portraits de chiens \u00e9l\u00e9gants con\u00e7us pour s'adapter \u00e0 votre int\u00e9rieur.<\/strong><\/h4>","protected":false},"excerpt":{"rendered":"<p>Des portraits de chiens \u00e9l\u00e9gants con\u00e7us pour s&rsquo;adapter \u00e0 votre int\u00e9rieur.<\/p>\n","protected":false},"featured_media":2783,"comment_status":"open","ping_status":"closed","template":"","meta":{"_acf_changed":false},"product_brand":[],"product_cat":[15],"product_tag":[],"class_list":{"0":"post-2663","1":"product","2":"type-product","3":"status-publish","4":"has-post-thumbnail","6":"product_cat-uncategorized","8":"first","9":"instock","10":"sale","11":"shipping-taxable","12":"purchasable","13":"product-type-simple"},"acf":[],"_links":{"self":[{"href":"https:\/\/meandmini.me\/wp-json\/wp\/v2\/product\/2663","targetHints":{"allow":["GET"]}}],"collection":[{"href":"https:\/\/meandmini.me\/wp-json\/wp\/v2\/product"}],"about":[{"href":"https:\/\/meandmini.me\/wp-json\/wp\/v2\/types\/product"}],"replies":[{"embeddable":true,"href":"https:\/\/meandmini.me\/wp-json\/wp\/v2\/comments?post=2663"}],"version-history":[{"count":43,"href":"https:\/\/meandmini.me\/wp-json\/wp\/v2\/product\/2663\/revisions"}],"predecessor-version":[{"id":2809,"href":"https:\/\/meandmini.me\/wp-json\/wp\/v2\/product\/2663\/revisions\/2809"}],"wp:featuredmedia":[{"embeddable":true,"href":"https:\/\/meandmini.me\/wp-json\/wp\/v2\/media\/2783"}],"wp:attachment":[{"href":"https:\/\/meandmini.me\/wp-json\/wp\/v2\/media?parent=2663"}],"wp:term":[{"taxonomy":"product_brand","embeddable":true,"href":"https:\/\/meandmini.me\/wp-json\/wp\/v2\/product_brand?post=2663"},{"taxonomy":"product_cat","embeddable":true,"href":"https:\/\/meandmini.me\/wp-json\/wp\/v2\/product_cat?post=2663"},{"taxonomy":"product_tag","embeddable":true,"href":"https:\/\/meandmini.me\/wp-json\/wp\/v2\/product_tag?post=2663"}],"curies":[{"name":"wp","href":"https:\/\/api.w.org\/{rel}","templated":true}]}}